{"id":8,"date":"2015-11-27T13:28:49","date_gmt":"2015-11-27T11:28:49","guid":{"rendered":"http:\/\/www.le-coq.net\/energetix\/?page_id=8"},"modified":"2016-02-17T11:55:28","modified_gmt":"2016-02-17T09:55:28","slug":"8-2","status":"publish","type":"page","link":"https:\/\/www.le-coq.net\/energetix\/","title":{"rendered":""},"content":{"rendered":"<div id=\"pl-8\"  class=\"panel-layout\" ><div id=\"pg-8-0\"  class=\"panel-grid panel-no-style\" ><div id=\"pgc-8-0-0\"  class=\"panel-grid-cell panel-grid-cell-mobile-last\" ><div id=\"panel-8-0-0-0\" class=\"so-panel widget widget_sow-editor panel-first-child panel-last-child\" data-index=\"0\" ><div class=\"panel-widget-style panel-widget-style-for-8-0-0-0\" ><div\n\t\t\t\n\t\t\tclass=\"so-widget-sow-editor so-widget-sow-editor-base\"\n\t\t\t\n\t\t>\n<div class=\"siteorigin-widget-tinymce textwidget\">\n\t<p><span style=\"font-family: Verdana; font-size: 30px; font-weight: bold; color: #0000ff;\"> LES BIJOUX ENERGETIX <\/span><\/p>\n<\/div>\n<\/div><\/div><\/div><\/div><div id=\"pgc-8-0-1\"  class=\"panel-grid-cell panel-grid-cell-empty\" ><\/div><\/div><div id=\"pg-8-1\"  class=\"panel-grid panel-no-style\" ><div id=\"pgc-8-1-0\"  class=\"panel-grid-cell panel-grid-cell-empty\" ><\/div><div id=\"pgc-8-1-1\"  class=\"panel-grid-cell\" ><div id=\"panel-8-1-1-0\" class=\"so-panel widget widget_sow-editor panel-first-child panel-last-child\" data-index=\"1\" ><div class=\"panel-widget-style panel-widget-style-for-8-1-1-0\" ><div\n\t\t\t\n\t\t\tclass=\"so-widget-sow-editor so-widget-sow-editor-base\"\n\t\t\t\n\t\t>\n<div class=\"siteorigin-widget-tinymce textwidget\">\n\t<p><span style=\"font-family: Verdana; font-size: 20px; font-weight: bold; color: #ff00ff;\"> La magie du bien-\u00eatre <\/span><\/p>\n<\/div>\n<\/div><\/div><\/div><\/div><\/div><div id=\"pg-8-2\"  class=\"panel-grid panel-no-style\" ><div id=\"pgc-8-2-0\"  class=\"panel-grid-cell\" ><div id=\"panel-8-2-0-0\" class=\"so-panel widget widget_sow-editor panel-first-child panel-last-child\" data-index=\"2\" ><div class=\"panel-widget-style panel-widget-style-for-8-2-0-0\" ><div\n\t\t\t\n\t\t\tclass=\"so-widget-sow-editor so-widget-sow-editor-base\"\n\t\t\t\n\t\t>\n<div class=\"siteorigin-widget-tinymce textwidget\">\n\t<p><img decoding=\"async\" loading=\"lazy\" src=\"http:\/\/www.le-coq.net\/energetix\/wp-content\/uploads\/2015\/11\/coeur.jpg\" alt=\"\" width=\"225\" height=\"225\" \/><\/p>\n<\/div>\n<\/div><\/div><\/div><\/div><div id=\"pgc-8-2-1\"  class=\"panel-grid-cell\" ><div id=\"panel-8-2-1-0\" class=\"so-panel widget widget_sow-editor panel-first-child panel-last-child\" data-index=\"3\" ><div class=\"panel-widget-style panel-widget-style-for-8-2-1-0\" ><div\n\t\t\t\n\t\t\tclass=\"so-widget-sow-editor so-widget-sow-editor-base\"\n\t\t\t\n\t\t>\n<div class=\"siteorigin-widget-tinymce textwidget\">\n\t<p><span style=\"font-family: Verdana; font-size: 20px; font-weight: bold; color: #000000;\">Ce ne sont pas que des bijoux, mais aussi des <\/span><span style=\"font-family: Verdana; font-size: 20px; font-weight: bold; color: #009900;\">aimants <\/span><span style=\"font-family: Verdana; font-size: 20px; font-weight: bold; color: #000000;\">aux vertus surprenantes !<br \/>\n<br \/><\/span><span style=\"font-family: Verdana; font-size: 20px; font-weight: bold; color: #000000;\">Ils procurent <\/span><span style=\"font-family: Verdana; font-size: 20px; font-weight: bold; color: #FF0000;\">BIEN-ETRE, BIENFAITS, CONFORT.<\/span><br \/>\n<br \/><span style=\"font-family: Verdana; font-size: 20px; font-weight: bold; color: #000000;\">Ils permettent d'am\u00e9liorer notre <\/span><span style=\"font-family: Verdana; font-size: 20px; font-weight: bold; color: #FF0000;\">FORME<\/span><span style=\"font-family: Verdana; font-size: 20px; font-weight: bold; color: #000000;\">, d'augmenter notre <\/span><span style=\"font-family: Verdana; font-size: 20px; font-weight: bold; color: #FF0000;\">VITALITE<\/span><span style=\"font-family: Verdana; font-size: 20px; font-weight: bold; color: #000000;\">, notre <\/span><span style=\"font-family: Verdana; font-size: 20px; font-weight: bold; color: #FF0000;\">ENERGIE<\/span><span style=\"font-family: Verdana; font-size: 20px; font-weight: bold; color: #000000;\"> et de <\/span><span style=\"font-family: Verdana; font-size: 20px; font-weight: bold; color: #FF0000;\">SOULAGER<\/span><span style=\"font-family: Verdana; font-size: 20px; font-weight: bold; color: #000000;\">, d'<\/span><span style=\"font-family: Verdana; font-size: 20px; font-weight: bold; color: #FF0000;\">ATTENUER<\/span><span style=\"font-family: Verdana; font-size: 20px; font-weight: bold; color: #000000;\"> de nombreuses <\/span><span style=\"font-family: Verdana; font-size: 20px; font-weight: bold; color: #FF0000;\">DOULEURS<\/span><span style=\"font-family: Verdana; font-size: 20px; font-weight: bold; color: #000000;\"> du quotidien.<br \/>\n<br \/><\/span><span style=\"font-family: Verdana; font-size: 20px; font-weight: bold; color: #000000;\">Gr\u00e2ce \u00e0 eux, beaucoup de personnes ont retrouv\u00e9 une <\/span><span style=\"font-family: Verdana; font-size: 20px; font-weight: bold; color: #FF0000;\">JOIE DE VIVRE<\/span><span style=\"font-family: Verdana; font-size: 20px; font-weight: bold; color: #000000;\"> et de soulagement.<br \/>\n<br \/><\/span><span style=\"font-family: Verdana; font-size: 20px; font-weight: bold; color: #000000;\">Ces bijoux valent la peine d'\u00eatre essay\u00e9s pour se faire sa <\/span><span style=\"font-family: Verdana; font-size: 20px; font-weight: bold; color: #0000FF;\">PROPRE OPINION.<\/span><\/p>\n<\/div>\n<\/div><\/div><\/div><\/div><div id=\"pgc-8-2-2\"  class=\"panel-grid-cell\" ><div id=\"panel-8-2-2-0\" class=\"so-panel widget widget_sow-editor panel-first-child panel-last-child\" data-index=\"4\" ><div class=\"panel-widget-style panel-widget-style-for-8-2-2-0\" ><div\n\t\t\t\n\t\t\tclass=\"so-widget-sow-editor so-widget-sow-editor-base\"\n\t\t\t\n\t\t>\n<div class=\"siteorigin-widget-tinymce textwidget\">\n\t<p><img decoding=\"async\" loading=\"lazy\" src=\"http:\/\/www.le-coq.net\/energetix\/wp-content\/uploads\/2015\/11\/bague.jpg\" alt=\"\" width=\"261\" height=\"193\" \/><\/p>\n<\/div>\n<\/div><\/div><\/div><\/div><\/div><div id=\"pg-8-3\"  class=\"panel-grid panel-no-style\" ><div id=\"pgc-8-3-0\"  class=\"panel-grid-cell\" ><div id=\"panel-8-3-0-0\" class=\"so-panel widget widget_sow-editor panel-first-child panel-last-child\" data-index=\"5\" ><div class=\"panel-widget-style panel-widget-style-for-8-3-0-0\" ><div\n\t\t\t\n\t\t\tclass=\"so-widget-sow-editor so-widget-sow-editor-base\"\n\t\t\t\n\t\t>\n<div class=\"siteorigin-widget-tinymce textwidget\">\n\t<p><img decoding=\"async\" loading=\"lazy\" src=\"http:\/\/www.le-coq.net\/energetix\/wp-content\/uploads\/2015\/11\/bijoux-1-1.jpg\" alt=\"\" width=\"207\" height=\"244\" \/><\/p>\n<\/div>\n<\/div><\/div><\/div><\/div><div id=\"pgc-8-3-1\"  class=\"panel-grid-cell\" ><div id=\"panel-8-3-1-0\" class=\"so-panel widget widget_sow-editor panel-first-child panel-last-child\" data-index=\"6\" ><div class=\"panel-widget-style panel-widget-style-for-8-3-1-0\" ><div\n\t\t\t\n\t\t\tclass=\"so-widget-sow-editor so-widget-sow-editor-base\"\n\t\t\t\n\t\t>\n<div class=\"siteorigin-widget-tinymce textwidget\">\n\t<p><span style=\"font-family: Verdana; font-size: 20px; font-weight: bold; color: #000000;\">Ils peuvent \u00eatre port\u00e9s par toute la famille : femmes, enfants, ados, hommes et animaux.<\/span><\/p>\n<\/div>\n<\/div><\/div><\/div><\/div><div id=\"pgc-8-3-2\"  class=\"panel-grid-cell\" ><div id=\"panel-8-3-2-0\" class=\"so-panel widget widget_sow-editor panel-first-child panel-last-child\" data-index=\"7\" ><div class=\"panel-widget-style panel-widget-style-for-8-3-2-0\" ><div\n\t\t\t\n\t\t\tclass=\"so-widget-sow-editor so-widget-sow-editor-base\"\n\t\t\t\n\t\t>\n<div class=\"siteorigin-widget-tinymce textwidget\">\n\t<p><img decoding=\"async\" loading=\"lazy\" src=\"http:\/\/www.le-coq.net\/energetix\/wp-content\/uploads\/2015\/11\/chien.jpg\" alt=\"\" width=\"272\" height=\"185\" \/><\/p>\n<\/div>\n<\/div><\/div><\/div><\/div><\/div><\/div>","protected":false},"excerpt":{"rendered":"<p>LES BIJOUX ENERGETIX La magie du bien-\u00eatre<\/p>\n","protected":false},"author":1,"featured_media":0,"parent":0,"menu_order":0,"comment_status":"closed","ping_status":"closed","template":"","meta":[],"acf":[],"yoast_head":"<!-- This site is optimized with the Yoast SEO plugin v20.5 - https:\/\/yoast.com\/wordpress\/plugins\/seo\/ -->\n<title>Accueil - Energetix<\/title>\n<meta name=\"description\" content=\"Energetix Bien-\u00eatre Bijoux Aimants\" \/>\n<meta name=\"robots\" content=\"index, follow, max-snippet:-1, max-image-preview:large, max-video-preview:-1\" \/>\n<link rel=\"canonical\" href=\"https:\/\/www.le-coq.net\/energetix\/\" \/>\n<meta property=\"og:locale\" content=\"fr_FR\" \/>\n<meta property=\"og:type\" content=\"article\" \/>\n<meta property=\"og:title\" content=\"Accueil - Energetix\" \/>\n<meta property=\"og:description\" content=\"Energetix Bien-\u00eatre Bijoux Aimants\" \/>\n<meta property=\"og:url\" content=\"https:\/\/www.le-coq.net\/energetix\/\" \/>\n<meta property=\"og:site_name\" content=\"Energetix\" \/>\n<meta property=\"article:publisher\" content=\"http:\/\/veronic20le20coq\" \/>\n<meta property=\"article:modified_time\" content=\"2016-02-17T09:55:28+00:00\" \/>\n<meta property=\"og:image\" content=\"http:\/\/www.le-coq.net\/energetix\/wp-content\/uploads\/2015\/11\/coeur.jpg\" \/>\n<meta name=\"twitter:card\" content=\"summary_large_image\" \/>\n<meta name=\"twitter:site\" content=\"@Veronic_LE_COQ\" \/>\n<script type=\"application\/ld+json\" class=\"yoast-schema-graph\">{\"@context\":\"https:\/\/schema.org\",\"@graph\":[{\"@type\":\"WebPage\",\"@id\":\"https:\/\/www.le-coq.net\/energetix\/\",\"url\":\"https:\/\/www.le-coq.net\/energetix\/\",\"name\":\"Accueil - Energetix\",\"isPartOf\":{\"@id\":\"https:\/\/www.le-coq.net\/energetix\/#website\"},\"datePublished\":\"2015-11-27T11:28:49+00:00\",\"dateModified\":\"2016-02-17T09:55:28+00:00\",\"description\":\"Energetix Bien-\u00eatre Bijoux Aimants\",\"inLanguage\":\"fr-FR\",\"potentialAction\":[{\"@type\":\"ReadAction\",\"target\":[\"https:\/\/www.le-coq.net\/energetix\/\"]}]},{\"@type\":\"WebSite\",\"@id\":\"https:\/\/www.le-coq.net\/energetix\/#website\",\"url\":\"https:\/\/www.le-coq.net\/energetix\/\",\"name\":\"Energetix\",\"description\":\"La magie du BIEN-ETRE\",\"potentialAction\":[{\"@type\":\"SearchAction\",\"target\":{\"@type\":\"EntryPoint\",\"urlTemplate\":\"https:\/\/www.le-coq.net\/energetix\/?s={search_term_string}\"},\"query-input\":\"required name=search_term_string\"}],\"inLanguage\":\"fr-FR\"}]}<\/script>\n<!-- \/ Yoast SEO plugin. -->","yoast_head_json":{"title":"Accueil - Energetix","description":"Energetix Bien-\u00eatre Bijoux Aimants","robots":{"index":"index","follow":"follow","max-snippet":"max-snippet:-1","max-image-preview":"max-image-preview:large","max-video-preview":"max-video-preview:-1"},"canonical":"https:\/\/www.le-coq.net\/energetix\/","og_locale":"fr_FR","og_type":"article","og_title":"Accueil - Energetix","og_description":"Energetix Bien-\u00eatre Bijoux Aimants","og_url":"https:\/\/www.le-coq.net\/energetix\/","og_site_name":"Energetix","article_publisher":"http:\/\/veronic20le20coq","article_modified_time":"2016-02-17T09:55:28+00:00","og_image":[{"url":"http:\/\/www.le-coq.net\/energetix\/wp-content\/uploads\/2015\/11\/coeur.jpg"}],"twitter_card":"summary_large_image","twitter_site":"@Veronic_LE_COQ","schema":{"@context":"https:\/\/schema.org","@graph":[{"@type":"WebPage","@id":"https:\/\/www.le-coq.net\/energetix\/","url":"https:\/\/www.le-coq.net\/energetix\/","name":"Accueil - Energetix","isPartOf":{"@id":"https:\/\/www.le-coq.net\/energetix\/#website"},"datePublished":"2015-11-27T11:28:49+00:00","dateModified":"2016-02-17T09:55:28+00:00","description":"Energetix Bien-\u00eatre Bijoux Aimants","inLanguage":"fr-FR","potentialAction":[{"@type":"ReadAction","target":["https:\/\/www.le-coq.net\/energetix\/"]}]},{"@type":"WebSite","@id":"https:\/\/www.le-coq.net\/energetix\/#website","url":"https:\/\/www.le-coq.net\/energetix\/","name":"Energetix","description":"La magie du BIEN-ETRE","potentialAction":[{"@type":"SearchAction","target":{"@type":"EntryPoint","urlTemplate":"https:\/\/www.le-coq.net\/energetix\/?s={search_term_string}"},"query-input":"required name=search_term_string"}],"inLanguage":"fr-FR"}]}},"_links":{"self":[{"href":"https:\/\/www.le-coq.net\/energetix\/wp-json\/wp\/v2\/pages\/8"}],"collection":[{"href":"https:\/\/www.le-coq.net\/energetix\/wp-json\/wp\/v2\/pages"}],"about":[{"href":"https:\/\/www.le-coq.net\/energetix\/wp-json\/wp\/v2\/types\/page"}],"author":[{"embeddable":true,"href":"https:\/\/www.le-coq.net\/energetix\/wp-json\/wp\/v2\/users\/1"}],"replies":[{"embeddable":true,"href":"https:\/\/www.le-coq.net\/energetix\/wp-json\/wp\/v2\/comments?post=8"}],"version-history":[{"count":74,"href":"https:\/\/www.le-coq.net\/energetix\/wp-json\/wp\/v2\/pages\/8\/revisions"}],"predecessor-version":[{"id":22,"href":"https:\/\/www.le-coq.net\/energetix\/wp-json\/wp\/v2\/pages\/8\/revisions\/22"}],"wp:attachment":[{"href":"https:\/\/www.le-coq.net\/energetix\/wp-json\/wp\/v2\/media?parent=8"}],"curies":[{"name":"wp","href":"https:\/\/api.w.org\/{rel}","templated":true}]}}